{"id":1116,"date":"2025-03-27T16:11:25","date_gmt":"2025-03-27T15:11:25","guid":{"rendered":"https:\/\/campervanservice.fr\/?page_id=1116"},"modified":"2026-01-07T16:14:57","modified_gmt":"2026-01-07T15:14:57","slug":"carrosserie","status":"publish","type":"page","link":"https:\/\/campervanservice.fr\/en\/services\/carrosserie\/","title":{"rendered":"Bodywork"},"content":{"rendered":"\t\t<div data-elementor-type=\"wp-page\" data-elementor-id=\"1116\" class=\"elementor elementor-1116\" data-elementor-post-type=\"page\">\n\t\t\t\t<div class=\"elementor-element elementor-element-ea4b92a e-flex e-con-boxed e-con e-parent\" data-id=\"ea4b92a\" data-element_type=\"container\" data-e-type=\"container\" data-settings=\"{&quot;background_background&quot;:&quot;classic&quot;}\">\n\t\t\t\t\t<div class=\"e-con-inner\">\n\t\t\t\t<div class=\"elementor-element elementor-element-00a2ad6 elementor-widget elementor-widget-heading\" data-id=\"00a2ad6\" data-element_type=\"widget\" data-e-type=\"widget\" data-widget_type=\"heading.default\">\n\t\t\t\t<div class=\"elementor-widget-container\">\n\t\t\t\t\t<h1 class=\"elementor-heading-title elementor-size-default\">Carrosserie - R\u00e9paration - Plastiques &amp; Fibre de verre <br>pour votre camping-car<\/h1>\t\t\t\t<\/div>\n\t\t\t\t<\/div>\n\t\t\t\t\t<\/div>\n\t\t\t\t<\/div>\n\t\t<div class=\"elementor-element elementor-element-db563b4 e-flex e-con-boxed e-con e-parent\" data-id=\"db563b4\" data-element_type=\"container\" data-e-type=\"container\">\n\t\t\t\t\t<div class=\"e-con-inner\">\n\t\t<div class=\"elementor-element elementor-element-1200642 e-con-full e-flex e-con e-child\" data-id=\"1200642\" data-element_type=\"container\" data-e-type=\"container\" data-settings=\"{&quot;background_background&quot;:&quot;slideshow&quot;,&quot;background_slideshow_gallery&quot;:[{&quot;id&quot;:2338,&quot;url&quot;:&quot;http:\\\/\\\/campervanservice.fr\\\/wp-content\\\/uploads\\\/2025\\\/06\\\/WhatsApp-Image-2025-06-02-at-10.36.23-12.jpeg&quot;},{&quot;id&quot;:2334,&quot;url&quot;:&quot;http:\\\/\\\/campervanservice.fr\\\/wp-content\\\/uploads\\\/2025\\\/06\\\/WhatsApp-Image-2025-06-02-at-10.39.07.jpeg&quot;}],&quot;background_slideshow_ken_burns&quot;:&quot;yes&quot;,&quot;background_slideshow_loop&quot;:&quot;yes&quot;,&quot;background_slideshow_slide_duration&quot;:5000,&quot;background_slideshow_slide_transition&quot;:&quot;fade&quot;,&quot;background_slideshow_transition_duration&quot;:500,&quot;background_slideshow_ken_burns_zoom_direction&quot;:&quot;in&quot;}\">\n\t\t\t\t<div class=\"elementor-element elementor-element-ee346c4 elementor-widget elementor-widget-spacer\" data-id=\"ee346c4\" data-element_type=\"widget\" data-e-type=\"widget\" data-widget_type=\"spacer.default\">\n\t\t\t\t<div class=\"elementor-widget-container\">\n\t\t\t\t\t\t\t<div class=\"elementor-spacer\">\n\t\t\t<div class=\"elementor-spacer-inner\"><\/div>\n\t\t<\/div>\n\t\t\t\t\t\t<\/div>\n\t\t\t\t<\/div>\n\t\t\t\t<\/div>\n\t\t<div class=\"elementor-element elementor-element-3dd1b38 e-con-full e-flex e-con e-child\" data-id=\"3dd1b38\" data-element_type=\"container\" data-e-type=\"container\">\n\t\t\t\t<div class=\"elementor-element elementor-element-c31a9e2 elementor-widget elementor-widget-heading\" data-id=\"c31a9e2\" data-element_type=\"widget\" data-e-type=\"widget\" data-widget_type=\"heading.default\">\n\t\t\t\t<div class=\"elementor-widget-container\">\n\t\t\t\t\t<h2 class=\"elementor-heading-title elementor-size-default\">R\u00e9paration de carrosserie composite pour votre v\u00e9hicule de loisirs<\/h2>\t\t\t\t<\/div>\n\t\t\t\t<\/div>\n\t\t\t\t<div class=\"elementor-element elementor-element-36ea8b7 elementor-widget elementor-widget-heading\" data-id=\"36ea8b7\" data-element_type=\"widget\" data-e-type=\"widget\" data-widget_type=\"heading.default\">\n\t\t\t\t<div class=\"elementor-widget-container\">\n\t\t\t\t\t<h2 class=\"elementor-heading-title elementor-size-default\">Votre camping-car, van ou fourgon m\u00e9rite le meilleur entretien !\n\n<\/h2>\t\t\t\t<\/div>\n\t\t\t\t<\/div>\n\t\t\t\t<div class=\"elementor-element elementor-element-65af913 elementor-widget elementor-widget-text-editor\" data-id=\"65af913\" data-element_type=\"widget\" data-e-type=\"widget\" data-widget_type=\"text-editor.default\">\n\t\t\t\t<div class=\"elementor-widget-container\">\n\t\t\t\t\t\t\t\t\t<p class=\"\" data-start=\"1637\" data-end=\"1866\">Avec le temps, votre camping-car ou votre van peut subir des dommages sur sa carrosserie en composite : <strong data-start=\"1741\" data-end=\"1799\">fissures, impacts, infiltration d\u2019eau, enfoncements&#8230;<\/strong> Ces petits accidents peuvent vite s\u2019aggraver si rien n\u2019est fait.<\/p><p class=\"\" data-start=\"1868\" data-end=\"2025\">Chez <strong data-start=\"1873\" data-end=\"1897\">Camper &amp; Van Service<\/strong>, nous vous proposons une solution rapide et efficace pour redonner \u00e0 votre v\u00e9hicule son apparence et sa robustesse d\u2019origine.<\/p><p class=\"\" data-start=\"2079\" data-end=\"2862\">\u00a0<\/p>\t\t\t\t\t\t\t\t<\/div>\n\t\t\t\t<\/div>\n\t\t\t\t<div class=\"elementor-element elementor-element-ac497bc elementor-widget elementor-widget-button\" data-id=\"ac497bc\" data-element_type=\"widget\" data-e-type=\"widget\" data-widget_type=\"button.default\">\n\t\t\t\t<div class=\"elementor-widget-container\">\n\t\t\t\t\t\t\t\t\t<div class=\"elementor-button-wrapper\">\n\t\t\t\t\t<a class=\"elementor-button elementor-button-link elementor-size-sm\" href=\"tel:+33641761500\">\n\t\t\t\t\t\t<span class=\"elementor-button-content-wrapper\">\n\t\t\t\t\t\t\t\t\t<span class=\"elementor-button-text\">Prendre rendez-vous<\/span>\n\t\t\t\t\t<\/span>\n\t\t\t\t\t<\/a>\n\t\t\t\t<\/div>\n\t\t\t\t\t\t\t\t<\/div>\n\t\t\t\t<\/div>\n\t\t\t\t<\/div>\n\t\t\t\t\t<\/div>\n\t\t\t\t<\/div>\n\t\t<div class=\"elementor-element elementor-element-a7ca6c4 e-flex e-con-boxed e-con e-parent\" data-id=\"a7ca6c4\" data-element_type=\"container\" data-e-type=\"container\">\n\t\t\t\t\t<div class=\"e-con-inner\">\n\t\t<div class=\"elementor-element elementor-element-786cb17 e-con-full e-flex e-con e-child\" data-id=\"786cb17\" data-element_type=\"container\" data-e-type=\"container\">\n\t\t\t\t<div class=\"elementor-element elementor-element-f37fdd0 elementor-widget elementor-widget-heading\" data-id=\"f37fdd0\" data-element_type=\"widget\" data-e-type=\"widget\" data-widget_type=\"heading.default\">\n\t\t\t\t<div class=\"elementor-widget-container\">\n\t\t\t\t\t<h2 class=\"elementor-heading-title elementor-size-default\">Pourquoi nous confier votre r\u00e9paration ?<\/h2>\t\t\t\t<\/div>\n\t\t\t\t<\/div>\n\t\t\t\t<div class=\"elementor-element elementor-element-4054f00 elementor-widget elementor-widget-text-editor\" data-id=\"4054f00\" data-element_type=\"widget\" data-e-type=\"widget\" data-widget_type=\"text-editor.default\">\n\t\t\t\t<div class=\"elementor-widget-container\">\n\t\t\t\t\t\t\t\t\t<p class=\"\" data-start=\"2079\" data-end=\"2862\">\ud83d\udd39 <strong data-start=\"2082\" data-end=\"2114\">Diagnostic pr\u00e9cis des d\u00e9g\u00e2ts<\/strong> : Analyse des fissures, cloques et infiltrations avant toute intervention.<\/p><p class=\"\" data-start=\"2079\" data-end=\"2862\">\ud83d\udd39 <b>Prise en charge assurance :\u00a0<\/b>Nous sommes agr\u00e9es pour que votre assurance rembourse le devis en cas de prise en charge.<\/p><p class=\"\" data-start=\"2079\" data-end=\"2862\">\ud83d\udd39 <strong data-start=\"2195\" data-end=\"2232\">Techniques avanc\u00e9es de r\u00e9paration<\/strong> : Fibre de verre, r\u00e9sine, gelcoat\u2026 nous utilisons les meilleurs mat\u00e9riaux.<\/p><p class=\"\" data-start=\"2079\" data-end=\"2862\">\ud83d\udd39 <strong data-start=\"2313\" data-end=\"2354\">R\u00e9paration structurelle et esth\u00e9tique<\/strong> : Nous veillons autant \u00e0 la solidit\u00e9 qu\u2019\u00e0 l\u2019aspect visuel de votre v\u00e9hicule.<\/p><p class=\"\" data-start=\"2079\" data-end=\"2862\">\ud83d\udd39 <strong data-start=\"2437\" data-end=\"2475\">Peinture et finition haute qualit\u00e9<\/strong> : Pour une couleur homog\u00e8ne et un rendu professionnel.<\/p><p class=\"\" data-start=\"2079\" data-end=\"2862\">\ud83d\udd39 <strong data-start=\"2536\" data-end=\"2570\">Pr\u00e9vention des dommages futurs<\/strong> : Renforcement des zones fragiles pour une meilleure durabilit\u00e9.<\/p><p class=\"\" data-start=\"2079\" data-end=\"2862\">\ud83d\udd39 <strong data-start=\"2748\" data-end=\"2778\">Service rapide et efficace<\/strong> : Votre v\u00e9hicule est pris en charge rapidement pour minimiser son immobilisation.<\/p>\t\t\t\t\t\t\t\t<\/div>\n\t\t\t\t<\/div>\n\t\t\t\t<\/div>\n\t\t<div class=\"elementor-element elementor-element-cf46cfd e-con-full e-flex e-con e-child\" data-id=\"cf46cfd\" data-element_type=\"container\" data-e-type=\"container\" data-settings=\"{&quot;background_background&quot;:&quot;slideshow&quot;,&quot;background_slideshow_gallery&quot;:[{&quot;id&quot;:2333,&quot;url&quot;:&quot;http:\\\/\\\/campervanservice.fr\\\/wp-content\\\/uploads\\\/2025\\\/06\\\/WhatsApp-Image-2025-06-02-at-10.39.07-1.jpeg&quot;}],&quot;background_slideshow_ken_burns&quot;:&quot;yes&quot;,&quot;background_slideshow_loop&quot;:&quot;yes&quot;,&quot;background_slideshow_slide_duration&quot;:5000,&quot;background_slideshow_slide_transition&quot;:&quot;fade&quot;,&quot;background_slideshow_transition_duration&quot;:500,&quot;background_slideshow_ken_burns_zoom_direction&quot;:&quot;in&quot;}\">\n\t\t\t\t<div class=\"elementor-element elementor-element-0b6c80c elementor-widget elementor-widget-spacer\" data-id=\"0b6c80c\" data-element_type=\"widget\" data-e-type=\"widget\" data-widget_type=\"spacer.default\">\n\t\t\t\t<div class=\"elementor-widget-container\">\n\t\t\t\t\t\t\t<div class=\"elementor-spacer\">\n\t\t\t<div class=\"elementor-spacer-inner\"><\/div>\n\t\t<\/div>\n\t\t\t\t\t\t<\/div>\n\t\t\t\t<\/div>\n\t\t\t\t<\/div>\n\t\t\t\t\t<\/div>\n\t\t\t\t<\/div>\n\t\t\t\t<\/div>\n\t\t","protected":false},"excerpt":{"rendered":"<p>Carrosserie &#8211; R\u00e9paration &#8211; Plastiques &amp; Fibre de verre pour votre camping-car R\u00e9paration de carrosserie composite pour votre v\u00e9hicule de loisirs Votre camping-car, van ou fourgon m\u00e9rite le meilleur entretien ! Avec le temps, votre camping-car ou votre van peut subir des dommages sur sa carrosserie en composite : fissures, impacts, infiltration d\u2019eau, enfoncements&#8230; Ces [&hellip;]<\/p>\n","protected":false},"author":1,"featured_media":0,"parent":680,"menu_order":0,"comment_status":"closed","ping_status":"closed","template":"","meta":{"footnotes":""},"class_list":["post-1116","page","type-page","status-publish","hentry"],"jetpack_sharing_enabled":true,"_links":{"self":[{"href":"https:\/\/campervanservice.fr\/en\/wp-json\/wp\/v2\/pages\/1116","targetHints":{"allow":["GET"]}}],"collection":[{"href":"https:\/\/campervanservice.fr\/en\/wp-json\/wp\/v2\/pages"}],"about":[{"href":"https:\/\/campervanservice.fr\/en\/wp-json\/wp\/v2\/types\/page"}],"author":[{"embeddable":true,"href":"https:\/\/campervanservice.fr\/en\/wp-json\/wp\/v2\/users\/1"}],"replies":[{"embeddable":true,"href":"https:\/\/campervanservice.fr\/en\/wp-json\/wp\/v2\/comments?post=1116"}],"version-history":[{"count":43,"href":"https:\/\/campervanservice.fr\/en\/wp-json\/wp\/v2\/pages\/1116\/revisions"}],"predecessor-version":[{"id":3443,"href":"https:\/\/campervanservice.fr\/en\/wp-json\/wp\/v2\/pages\/1116\/revisions\/3443"}],"up":[{"embeddable":true,"href":"https:\/\/campervanservice.fr\/en\/wp-json\/wp\/v2\/pages\/680"}],"wp:attachment":[{"href":"https:\/\/campervanservice.fr\/en\/wp-json\/wp\/v2\/media?parent=1116"}],"curies":[{"name":"wp","href":"https:\/\/api.w.org\/{rel}","templated":true}]}}